{"id":2754,"date":"2022-12-21T12:05:49","date_gmt":"2022-12-21T11:05:49","guid":{"rendered":"https:\/\/www.proges.fr\/?page_id=2754"},"modified":"2025-01-09T14:51:06","modified_gmt":"2025-01-09T13:51:06","slug":"pourquoi-choisir-proges","status":"publish","type":"page","link":"https:\/\/www.proges.fr\/en\/pourquoi-choisir-proges\/","title":{"rendered":"Pourquoi choisir Proges ?"},"content":{"rendered":"<p>[et_pb_section fb_built=&#8221;1&#8243; _builder_version=&#8221;4.18.0&#8243; _module_preset=&#8221;default&#8221; custom_margin=&#8221;||||false|false&#8221; custom_padding=&#8221;0px||||false|false&#8221; da_disable_devices=&#8221;off|off|off&#8221; global_colors_info=&#8221;{}&#8221; da_is_popup=&#8221;off&#8221; da_exit_intent=&#8221;off&#8221; da_has_close=&#8221;on&#8221; da_alt_close=&#8221;off&#8221; da_dark_close=&#8221;off&#8221; da_not_modal=&#8221;on&#8221; da_is_singular=&#8221;off&#8221; da_with_loader=&#8221;off&#8221; da_has_shadow=&#8221;on&#8221;][et_pb_row _builder_version=&#8221;4.18.0&#8243; _module_preset=&#8221;default&#8221; positioning=&#8221;none&#8221; width_tablet=&#8221;&#8221; width_phone=&#8221;100%&#8221; width_last_edited=&#8221;on|phone&#8221; max_width=&#8221;100%&#8221; custom_padding=&#8221;4%|4%|0%|4%|false|false&#8221; custom_css_main_element=&#8221;display:flex;||align-items:center;&#8221; global_colors_info=&#8221;{}&#8221; custom_css_main_element_last_edited=&#8221;on|phone&#8221; custom_css_main_element_phone=&#8221;flex-direction:column;&#8221; custom_css_main_element_tablet=&#8221;display:flex;||align-items:center;&#8221;][et_pb_column type=&#8221;4_4&#8243; _builder_version=&#8221;4.18.0&#8243; _module_preset=&#8221;default&#8221; global_colors_info=&#8221;{}&#8221;][et_pb_text _builder_version=&#8221;4.19.2&#8243; _module_preset=&#8221;default&#8221; header_font=&#8221;Poppins|700|||||||&#8221; header_text_color=&#8221;#015176&#8243; header_font_size=&#8221;72px&#8221; custom_margin=&#8221;30px||||false|false&#8221; custom_margin_tablet=&#8221;||100px||false|false&#8221; custom_margin_phone=&#8221;||40px||false|false&#8221; custom_margin_last_edited=&#8221;on|tablet&#8221; custom_padding=&#8221;||||false|false&#8221; header_font_size_tablet=&#8221;72px&#8221; header_font_size_phone=&#8221;40px&#8221; header_font_size_last_edited=&#8221;on|phone&#8221; locked=&#8221;off&#8221; global_colors_info=&#8221;{}&#8221;]<\/p>\n<h1>Why choose Progres ?<\/h1>\n<p>[\/et_pb_text][\/et_pb_column][\/et_pb_row][et_pb_row column_structure=&#8221;1_2,1_2&#8243; _builder_version=&#8221;4.18.0&#8243; _module_preset=&#8221;default&#8221; positioning=&#8221;none&#8221; width_tablet=&#8221;&#8221; width_phone=&#8221;100%&#8221; width_last_edited=&#8221;on|phone&#8221; max_width=&#8221;100%&#8221; custom_padding=&#8221;1.4%|4%|0.5%|4%|false|false&#8221; custom_css_main_element=&#8221;display:flex;||align-items:center;&#8221; global_colors_info=&#8221;{}&#8221; custom_css_main_element_last_edited=&#8221;on|phone&#8221; custom_css_main_element_phone=&#8221;flex-direction:column;&#8221; custom_css_main_element_tablet=&#8221;display:flex;||align-items:center;&#8221;][et_pb_column type=&#8221;1_2&#8243; _builder_version=&#8221;4.18.0&#8243; _module_preset=&#8221;default&#8221; global_colors_info=&#8221;{}&#8221;][et_pb_text _builder_version=&#8221;4.19.2&#8243; _module_preset=&#8221;default&#8221; text_font=&#8221;Poppins|700|||||||&#8221; text_text_color=&#8221;#015176&#8243; text_font_size=&#8221;40px&#8221; text_line_height=&#8221;50px&#8221; header_font=&#8221;Poppins|700|||||||&#8221; header_text_color=&#8221;gcid-2ad6829c-716d-451e-92b7-8ba9742431a1&#8243; header_font_size=&#8221;50px&#8221; header_2_font=&#8221;Poppins|700|||||||&#8221; header_2_text_color=&#8221;gcid-2ad6829c-716d-451e-92b7-8ba9742431a1&#8243; header_2_font_size=&#8221;50px&#8221; header_2_line_height=&#8221;1.1em&#8221; locked=&#8221;off&#8221; global_colors_info=&#8221;{%22gcid-2ad6829c-716d-451e-92b7-8ba9742431a1%22:%91%22header_text_color%22,%22header_2_text_color%22%93}&#8221;]<\/p>\n<h2>Customers relations have been a top priority for over 40 years<\/h2>\n<p>[\/et_pb_text][et_pb_text _builder_version=&#8221;4.19.2&#8243; _module_preset=&#8221;default&#8221; text_font=&#8221;Poppins||||||||&#8221; text_text_color=&#8221;#015176&#8243; global_colors_info=&#8221;{}&#8221;]<\/p>\n<p>PROGES is a software designed to improve the everyday operational performance of joinery manufacturers. The program is constantly improved by and for professionals in the field, enabling you to see your projects all the way through, from costing to production and machine control.<\/p>\n<p>With over 5,200 licences already sold, PROGES software is one of the French market leaders.<\/p>\n<p>PROGES brings you a highly effective solution that combines four key strong points:<\/p>\n<ul>\n<li>Reliability (track record of over 40 years)<\/li>\n<li>Simplicity (easy to handle in just a few days)<\/li>\n<li>Efficiency (optimised production and control)<\/li>\n<li>Economy (one of the most cost-efficient solutions on the market)<\/li>\n<\/ul>\n<p><strong>Working with PROGES means equipping yourself with high-performance software and benefitting from a company attentive to its clients and aware of their needs. <\/strong><\/p>\n<p>[\/et_pb_text][et_pb_button button_url=&#8221;https:\/\/www.proges.fr\/en\/contact\/&#8221; button_text=&#8221;REQUEST A QUOTE&#8221; _builder_version=&#8221;4.19.2&#8243; _module_preset=&#8221;default&#8221; custom_button=&#8221;on&#8221; button_text_size=&#8221;16px&#8221; button_text_color=&#8221;#FFFFFF&#8221; button_bg_color=&#8221;#51c2f0&#8243; button_border_width=&#8221;0px&#8221; button_font=&#8221;Poppins|500|||||||&#8221; button_use_icon=&#8221;off&#8221; custom_padding=&#8221;12px|49px|12px|49px|true|true&#8221; global_colors_info=&#8221;{}&#8221; button_bg_color__hover_enabled=&#8221;on|desktop&#8221; button_bg_color__hover=&#8221;#000000&#8243; button_bg_enable_color__hover=&#8221;on&#8221;][\/et_pb_button][\/et_pb_column][et_pb_column type=&#8221;1_2&#8243; _builder_version=&#8221;4.18.0&#8243; _module_preset=&#8221;default&#8221; custom_css_main_element=&#8221;display: flex; ||justify-content: center;&#8221; global_colors_info=&#8221;{}&#8221;][et_pb_text _builder_version=&#8221;4.19.2&#8243; _module_preset=&#8221;default&#8221; text_font=&#8221;Poppins|700|||||||&#8221; text_text_color=&#8221;#015176&#8243; text_font_size=&#8221;40px&#8221; text_line_height=&#8221;50px&#8221; position_origin_a=&#8221;center_center&#8221; width=&#8221;100%&#8221; max_width=&#8221;350px&#8221; custom_margin=&#8221;||||false|false&#8221; custom_css_before=&#8221;content: &#8221;;||position: absolute;||left: -13%;||bottom: -40%;||top: -40%;||width: 120px;||border-top: solid 4px #51C2F0;||border-bottom: solid 4px #51C2F0;||border-left: solid 4px #51C2F0;&#8221; custom_css_main_element=&#8221;display: flex;||overflow: visible;||&#8221; border_radii=&#8221;off||||&#8221; locked=&#8221;off&#8221; global_colors_info=&#8221;{}&#8221; custom_css_before_last_edited=&#8221;on|phone&#8221; custom_css_before_phone=&#8221;border:none;&#8221; custom_css_before_tablet=&#8221;content: &#8221;;||position: absolute;||left: -13%;||bottom: -40%;||top: -40%;||width: 120px;||border-top: solid 4px #51C2F0;||border-bottom: solid 4px #51C2F0;||border-left: solid 4px #51C2F0;&#8221;]<\/p>\n<p>Expertise,<br \/>Proximity,<br \/>Fast response<\/p>\n<p>[\/et_pb_text][\/et_pb_column][\/et_pb_row][\/et_pb_section][et_pb_section fb_built=&#8221;1&#8243; _builder_version=&#8221;4.18.0&#8243; _module_preset=&#8221;default&#8221; da_disable_devices=&#8221;off|off|off&#8221; global_colors_info=&#8221;{}&#8221; da_is_popup=&#8221;off&#8221; da_exit_intent=&#8221;off&#8221; da_has_close=&#8221;on&#8221; da_alt_close=&#8221;off&#8221; da_dark_close=&#8221;off&#8221; da_not_modal=&#8221;on&#8221; da_is_singular=&#8221;off&#8221; da_with_loader=&#8221;off&#8221; da_has_shadow=&#8221;on&#8221;][et_pb_row column_structure=&#8221;1_2,1_2&#8243; _builder_version=&#8221;4.18.0&#8243; _module_preset=&#8221;default&#8221; background_color=&#8221;#015176&#8243; width_tablet=&#8221;&#8221; width_phone=&#8221;90%&#8221; width_last_edited=&#8221;on|phone&#8221; max_width=&#8221;100%&#8221; custom_padding=&#8221;4%|4%|4%|4%|false|false&#8221; custom_css_main_element=&#8221;display: flex;&#8221; global_colors_info=&#8221;{}&#8221;][et_pb_column type=&#8221;1_2&#8243; _builder_version=&#8221;4.18.0&#8243; _module_preset=&#8221;default&#8221; custom_css_main_element=&#8221;display: flex;||flex-direction: column;||justify-content: center;&#8221; global_colors_info=&#8221;{}&#8221;][et_pb_image src=&#8221;https:\/\/www.proges.fr\/wp-content\/uploads\/2022\/09\/visuel.jpg&#8221; title_text=&#8221;visuel&#8221; _builder_version=&#8221;4.18.0&#8243; _module_preset=&#8221;default&#8221; custom_padding=&#8221;||||false|false&#8221; global_colors_info=&#8221;{}&#8221;][\/et_pb_image][\/et_pb_column][et_pb_column type=&#8221;1_2&#8243; _builder_version=&#8221;4.18.0&#8243; _module_preset=&#8221;default&#8221; global_colors_info=&#8221;{}&#8221;][et_pb_text module_id=&#8221;atouts&#8221; _builder_version=&#8221;4.19.2&#8243; _module_preset=&#8221;default&#8221; text_font=&#8221;Poppins||||||||&#8221; text_text_color=&#8221;#FFFFFF&#8221; text_font_size=&#8221;16px&#8221; header_2_font=&#8221;Poppins|700|||||||&#8221; header_2_text_color=&#8221;gcid-028dc175-2085-4b72-abcb-3e88fb56bc73&#8243; header_2_font_size=&#8221;20px&#8221; header_3_font=&#8221;Poppins|700|||||||&#8221; header_3_text_color=&#8221;#FFFFFF&#8221; header_3_font_size=&#8221;40px&#8221; global_colors_info=&#8221;{%22gcid-028dc175-2085-4b72-abcb-3e88fb56bc73%22:%91%22header_2_text_color%22%93}&#8221;]<\/p>\n<h2 style=\"padding-bottom: 25px;\">Strong points<\/h2>\n<h3 style=\"padding-bottom: 40px;\">The strong points of PROGES software<\/h3>\n<ul>\n<li>PROGES is multi-range and multi-supplier.<\/li>\n<li>PROGES can be used to create your own data or to retrieve external data (systems designers recommending PROGES) without deleting existing data, and then use them simultaneously in the same quote or manufacturing sequence.<\/li>\n<li>PROGES covers both the manufacturing aspect of aluminium &amp; PVC joinery (calculation of output, cuts, machining centre control, etc.) and the sales side (quotes, invoicing, management).<\/li>\n<li>PROGES improves and optimises the time spent on each commercial opportunity thanks to easy inputting.<\/li>\n<li>PROGES adapts to all types of projects (private villas, offices, schools, etc.).<\/li>\n<li>PROGES means you can move quickly from the quote to production status, with no additional inputting.<\/li>\n<li>PROGES offers customised auditing and configuration services.<\/li>\n<li>PROGES ensures unlimited free technical support on the latest version of the software.<\/li>\n<\/ul>\n<p>&nbsp;<\/p>\n<p>[\/et_pb_text][et_pb_button button_url=&#8221;https:\/\/www.proges.fr\/en\/contact\/&#8221; button_text=&#8221;REQUEST A DEMO&#8221; _builder_version=&#8221;4.19.2&#8243; _module_preset=&#8221;default&#8221; custom_button=&#8221;on&#8221; button_text_size=&#8221;16px&#8221; button_text_color=&#8221;#FFFFFF&#8221; button_bg_color=&#8221;#51c2f0&#8243; button_border_color=&#8221;gcid-028dc175-2085-4b72-abcb-3e88fb56bc73&#8243; button_font=&#8221;Poppins|500|||||||&#8221; button_use_icon=&#8221;off&#8221; custom_padding=&#8221;10px|45px|10px|45px|true|true&#8221; global_colors_info=&#8221;{%22gcid-028dc175-2085-4b72-abcb-3e88fb56bc73%22:%91%22button_border_color%22%93}&#8221; button_bg_color__hover_enabled=&#8221;on|hover&#8221; button_bg_color__hover=&#8221;#000000&#8243; button_bg_enable_color__hover=&#8221;on&#8221;][\/et_pb_button][\/et_pb_column][\/et_pb_row][\/et_pb_section]<\/p>\n","protected":false},"excerpt":{"rendered":"<p>Why choose Progres ?Customers relations have been a top priority for over 40 yearsPROGES is a software designed to improve the everyday operational performance of joinery manufacturers. The program is constantly improved by and for professionals in the field, enabling you to see your projects all the way through, from costing to production and machine [&hellip;]<\/p>\n","protected":false},"author":1,"featured_media":0,"parent":0,"menu_order":0,"comment_status":"closed","ping_status":"closed","template":"","meta":{"_et_pb_use_builder":"on","_et_pb_old_content":"<p>[et_pb_section fb_built=\"1\" _builder_version=\"4.18.0\" _module_preset=\"default\" custom_margin=\"||||false|false\" custom_padding=\"0px||||false|false\" global_colors_info=\"{}\"][et_pb_row _builder_version=\"4.18.0\" _module_preset=\"default\" positioning=\"none\" width_tablet=\"\" width_phone=\"100%\" width_last_edited=\"on|phone\" max_width=\"100%\" custom_padding=\"4%|4%|0%|4%|false|false\" custom_css_main_element=\"display:flex;||align-items:center;\" global_colors_info=\"{}\" custom_css_main_element_last_edited=\"on|phone\" custom_css_main_element_phone=\"flex-direction:column;\" custom_css_main_element_tablet=\"display:flex;||align-items:center;\"][et_pb_column type=\"4_4\" _builder_version=\"4.18.0\" _module_preset=\"default\" global_colors_info=\"{}\"][et_pb_text _builder_version=\"4.19.2\" _module_preset=\"default\" header_font=\"Poppins|700|||||||\" header_text_color=\"#015176\" header_font_size=\"72px\" custom_margin=\"30px||||false|false\" custom_margin_tablet=\"||100px||false|false\" custom_margin_phone=\"||40px||false|false\" custom_margin_last_edited=\"on|tablet\" custom_padding=\"||||false|false\" header_font_size_tablet=\"72px\" header_font_size_phone=\"40px\" header_font_size_last_edited=\"on|phone\" locked=\"off\" global_colors_info=\"{}\"]<\/p><h1>Pourquoi choisir Proges ?<\/h1><p>[\/et_pb_text][\/et_pb_column][\/et_pb_row][et_pb_row column_structure=\"1_2,1_2\" _builder_version=\"4.18.0\" _module_preset=\"default\" positioning=\"none\" width_tablet=\"\" width_phone=\"100%\" width_last_edited=\"on|phone\" max_width=\"100%\" custom_padding=\"1.4%|4%|0.5%|4%|false|false\" custom_css_main_element=\"display:flex;||align-items:center;\" global_colors_info=\"{}\" custom_css_main_element_last_edited=\"on|phone\" custom_css_main_element_phone=\"flex-direction:column;\" custom_css_main_element_tablet=\"display:flex;||align-items:center;\"][et_pb_column type=\"1_2\" _builder_version=\"4.18.0\" _module_preset=\"default\" global_colors_info=\"{}\"][et_pb_text _builder_version=\"4.19.2\" _module_preset=\"default\" text_font=\"Poppins|700|||||||\" text_text_color=\"#015176\" text_font_size=\"40px\" text_line_height=\"50px\" header_font=\"Poppins|700|||||||\" header_text_color=\"gcid-2ad6829c-716d-451e-92b7-8ba9742431a1\" header_font_size=\"50px\" header_2_font=\"Poppins|700|||||||\" header_2_text_color=\"gcid-2ad6829c-716d-451e-92b7-8ba9742431a1\" header_2_font_size=\"50px\" header_2_line_height=\"1.1em\" locked=\"off\" global_colors_info=\"{%22gcid-2ad6829c-716d-451e-92b7-8ba9742431a1%22:%91%22header_text_color%22,%22header_2_text_color%22%93}\"]<\/p><h2>La relation client au c\u0153ur de nos priorit\u00e9s depuis plus de 30 ans<\/h2><p>[\/et_pb_text][et_pb_text _builder_version=\"4.19.2\" _module_preset=\"default\" text_font=\"Poppins||||||||\" text_text_color=\"#015176\" hover_enabled=\"0\" global_colors_info=\"{}\" sticky_enabled=\"0\"]<\/p><p>PROGES est un logiciel qui a pour but d\u2019am\u00e9liorer au quotidien la performance op\u00e9rationnelle des fabricants de menuiseries. Ce programme con\u00e7u et am\u00e9lior\u00e9 en continu par et pour des professionnels du terrain, permet de mener un projet global, du chiffrage \u00e0 la production et au pilotage des machines.<\/p><p>Avec d\u00e9j\u00e0 plus de 5 200 licences utilis\u00e9es, le logiciel PROGES s\u2019impose comme un des outils leaders du march\u00e9 fran\u00e7ais.<\/p><p>PROGES propose une solution puissante qui combine quatre atouts essentiels\u00a0:<\/p><ul><li>Fiabilit\u00e9 (\u00e9prouv\u00e9e depuis plus de 30 ans)<\/li><li>Simplicit\u00e9 (prise en main de l\u2019outil en quelques jours)<\/li><li>Efficacit\u00e9 (optimisation de la production et de la gestion)<\/li><li>Economique (un des meilleurs rapport qualit\u00e9-prix du march\u00e9)<\/li><\/ul><p><strong>Travailler avec PROGES, c\u2019est l\u2019assurance de vous doter d\u2019un logiciel performant et de b\u00e9n\u00e9ficier d'une entreprise \u00e0 l'\u00e9coute de ses clients, au plus proche de leurs besoins.<\/strong><\/p><p>[\/et_pb_text][et_pb_button button_url=\"https:\/\/www.proges.fr\/contact\/\" button_text=\"DEMANDER UN DEVIS\" _builder_version=\"4.18.0\" _module_preset=\"default\" custom_button=\"on\" button_text_size=\"16px\" button_text_color=\"#FFFFFF\" button_bg_color=\"#51c2f0\" button_border_width=\"0px\" button_font=\"Poppins|500|||||||\" button_use_icon=\"off\" custom_padding=\"12px|49px|12px|49px|true|true\" global_colors_info=\"{}\" button_bg_color__hover_enabled=\"on|desktop\" button_bg_color__hover=\"#000000\" button_bg_enable_color__hover=\"on\"][\/et_pb_button][\/et_pb_column][et_pb_column type=\"1_2\" _builder_version=\"4.18.0\" _module_preset=\"default\" custom_css_main_element=\"display: flex; ||justify-content: center;\" global_colors_info=\"{}\"][et_pb_text _builder_version=\"4.19.2\" _module_preset=\"default\" text_font=\"Poppins|700|||||||\" text_text_color=\"#015176\" text_font_size=\"40px\" text_line_height=\"50px\" position_origin_a=\"center_center\" width=\"100%\" max_width=\"350px\" custom_margin=\"||||false|false\" custom_css_before=\"content: '';||position: absolute;||left: -13%;||bottom: -40%;||top: -40%;||width: 120px;||border-top: solid 4px #51C2F0;||border-bottom: solid 4px #51C2F0;||border-left: solid 4px #51C2F0;\" custom_css_main_element=\"display: flex;||overflow: visible;||\" border_radii=\"off||||\" locked=\"off\" global_colors_info=\"{}\" custom_css_before_last_edited=\"on|phone\" custom_css_before_phone=\"border:none;\" custom_css_before_tablet=\"content: '';||position: absolute;||left: -13%;||bottom: -40%;||top: -40%;||width: 120px;||border-top: solid 4px #51C2F0;||border-bottom: solid 4px #51C2F0;||border-left: solid 4px #51C2F0;\"]<\/p><p>Expertise,<br \/>Proximit\u00e9,<br \/>R\u00e9activit\u00e9<\/p><p>[\/et_pb_text][\/et_pb_column][\/et_pb_row][\/et_pb_section][et_pb_section fb_built=\"1\" _builder_version=\"4.18.0\" _module_preset=\"default\" global_colors_info=\"{}\"][et_pb_row column_structure=\"1_2,1_2\" _builder_version=\"4.18.0\" _module_preset=\"default\" background_color=\"#015176\" width_tablet=\"\" width_phone=\"90%\" width_last_edited=\"on|phone\" max_width=\"100%\" custom_padding=\"4%|4%|4%|4%|false|false\" custom_css_main_element=\"display: flex;\" global_colors_info=\"{}\"][et_pb_column type=\"1_2\" _builder_version=\"4.18.0\" _module_preset=\"default\" custom_css_main_element=\"display: flex;||flex-direction: column;||justify-content: center;\" global_colors_info=\"{}\"][et_pb_image src=\"https:\/\/www.proges.fr\/wp-content\/uploads\/2022\/09\/visuel.jpg\" title_text=\"visuel\" _builder_version=\"4.18.0\" _module_preset=\"default\" custom_padding=\"||||false|false\" global_colors_info=\"{}\"][\/et_pb_image][\/et_pb_column][et_pb_column type=\"1_2\" _builder_version=\"4.18.0\" _module_preset=\"default\" global_colors_info=\"{}\"][et_pb_text module_id=\"atouts\" _builder_version=\"4.19.2\" _module_preset=\"default\" text_font=\"Poppins||||||||\" text_text_color=\"#FFFFFF\" text_font_size=\"16px\" header_2_font=\"Poppins|700|||||||\" header_2_text_color=\"gcid-028dc175-2085-4b72-abcb-3e88fb56bc73\" header_2_font_size=\"20px\" header_3_font=\"Poppins|700|||||||\" header_3_text_color=\"#FFFFFF\" header_3_font_size=\"40px\" global_colors_info=\"{%22gcid-028dc175-2085-4b72-abcb-3e88fb56bc73%22:%91%22header_2_text_color%22%93}\"]<\/p><h2 style=\"padding-bottom: 25px;\">Atouts<\/h2><h3 style=\"padding-bottom: 40px;\">Les atouts du logiciel PROGES<\/h3><ul><li>PROGES est multi-gammes et multi-fournisseurs.<\/li><li>PROGES permet de cr\u00e9er ses propres donn\u00e9es ou de r\u00e9cup\u00e9rer des donn\u00e9es ext\u00e9rieures (des gammistes pr\u00e9conisant PROGES) sans effacer l\u2019existant et, les utiliser simultan\u00e9ment dans un m\u00eame devis ou gamme de fabrication.\u00a0<\/li><li>PROGES couvre aussi bien le domaine de la fabrication de menuiseries Aluminium et PVC (programme de calcul des d\u00e9bits, coupes, gestion des centres d'usinage, etc.) que la partie commerciale (devis, facturation, gestion).\u00a0<\/li><li>PROGES am\u00e9liore et optimise le temps pass\u00e9 sur chaque opportunit\u00e9 commerciale gr\u00e2ce \u00e0 la simplification de la saisie.\u00a0<\/li><li>PROGES s\u00a0\u2019adapte \u00e0 tout type de chantier (exemples\u00a0: de la villa du particulier, aux bureaux ou encore aux \u00e9coles, etc.).\u00a0<\/li><li>PROGES permet de basculer rapidement du devis \u00e0 l\u2019\u00e9tat de production, sans saisie suppl\u00e9mentaire.<\/li><li>PROGES propose des prestations d\u2019audit et de param\u00e9trage \u00e0 la carte.<\/li><li>PROGES vous assure un accompagnement technique gratuit et illimit\u00e9 sur la derni\u00e8re version commercialis\u00e9e du logiciel<\/li><\/ul><p>\u00a0<\/p><p>[\/et_pb_text][et_pb_button button_url=\"https:\/\/www.proges.fr\/contact\/\" button_text=\"DEMANDER UNE DEMO\" _builder_version=\"4.18.0\" _module_preset=\"default\" custom_button=\"on\" button_text_size=\"16px\" button_text_color=\"#FFFFFF\" button_bg_color=\"#51c2f0\" button_border_color=\"gcid-028dc175-2085-4b72-abcb-3e88fb56bc73\" button_font=\"Poppins|500|||||||\" button_use_icon=\"off\" custom_padding=\"10px|45px|10px|45px|true|true\" global_colors_info=\"{%22gcid-028dc175-2085-4b72-abcb-3e88fb56bc73%22:%91%22button_border_color%22%93}\" button_bg_color__hover_enabled=\"on|hover\" button_bg_color__hover=\"#000000\" button_bg_enable_color__hover=\"on\"][\/et_pb_button][\/et_pb_column][\/et_pb_row][\/et_pb_section][et_pb_section fb_built=\"1\" _builder_version=\"4.19.2\" _module_preset=\"default\" global_colors_info=\"{}\"][et_pb_row _builder_version=\"4.19.2\" _module_preset=\"default\" global_colors_info=\"{}\"][et_pb_column type=\"4_4\" _builder_version=\"4.19.2\" _module_preset=\"default\" global_colors_info=\"{}\"][et_pb_text _builder_version=\"4.19.2\" _module_preset=\"default\" text_font=\"Poppins||||||||\" text_text_color=\"#015176\" header_2_text_color=\"gcid-2ad6829c-716d-451e-92b7-8ba9742431a1\" header_2_line_height=\"1.7em\" locked=\"off\" global_colors_info=\"{%22gcid-2ad6829c-716d-451e-92b7-8ba9742431a1%22:%91%22header_2_text_color%22%93}\"]<\/p><h2 style=\"text-align: center;\"><strong>Vous avez besoin d\u2019aide sur l\u2019utilisation du logiciel PROGES ?<\/strong><\/h2><p style=\"text-align: center;\">Notre assistance technique est disponible pour r\u00e9pondre \u00e0 toutes vos questions.<\/p><p style=\"text-align: center;\">\u00a0Nos experts sont \u00e0 votre \u00e9coute du lundi au jeudi de 9h00 \u00e0 12h30 et de 14h00 \u00e0 17h00 et le vendredi de 9h00 \u00e0 12h\u00a030.<\/p><p>[\/et_pb_text][et_pb_button button_url=\"tel:0033561340655\" button_text=\"Assistance technique\" button_alignment=\"center\" _builder_version=\"4.19.2\" _module_preset=\"default\" custom_button=\"on\" button_text_size=\"16px\" button_text_color=\"#FFFFFF\" button_bg_color=\"#51c2f0\" button_border_width=\"0px\" button_font=\"Poppins|500|||||||\" button_icon=\"\ue090||divi||400\" button_icon_placement=\"left\" button_on_hover=\"off\" custom_padding=\"12px|49px|12px|49px|true|true\" locked=\"off\" global_colors_info=\"{}\" button_bg_color__hover_enabled=\"on|desktop\" button_bg_color__hover=\"#000000\" button_bg_enable_color__hover=\"on\"][\/et_pb_button][\/et_pb_column][\/et_pb_row][\/et_pb_section]<\/p><p style=\"text-align: center;\">\u00a0<\/p>","_et_gb_content_width":""},"acf":[],"_links":{"self":[{"href":"https:\/\/www.proges.fr\/en\/wp-json\/wp\/v2\/pages\/2754"}],"collection":[{"href":"https:\/\/www.proges.fr\/en\/wp-json\/wp\/v2\/pages"}],"about":[{"href":"https:\/\/www.proges.fr\/en\/wp-json\/wp\/v2\/types\/page"}],"author":[{"embeddable":true,"href":"https:\/\/www.proges.fr\/en\/wp-json\/wp\/v2\/users\/1"}],"replies":[{"embeddable":true,"href":"https:\/\/www.proges.fr\/en\/wp-json\/wp\/v2\/comments?post=2754"}],"version-history":[{"count":7,"href":"https:\/\/www.proges.fr\/en\/wp-json\/wp\/v2\/pages\/2754\/revisions"}],"predecessor-version":[{"id":3377,"href":"https:\/\/www.proges.fr\/en\/wp-json\/wp\/v2\/pages\/2754\/revisions\/3377"}],"wp:attachment":[{"href":"https:\/\/www.proges.fr\/en\/wp-json\/wp\/v2\/media?parent=2754"}],"curies":[{"name":"wp","href":"https:\/\/api.w.org\/{rel}","templated":true}]}}